{"id":34,"date":"2023-12-11T14:47:34","date_gmt":"2023-12-11T12:47:34","guid":{"rendered":"http:\/\/barapilates.dvorakdev.eu\/?page_id=34"},"modified":"2023-12-23T17:22:04","modified_gmt":"2023-12-23T15:22:04","slug":"reservation","status":"publish","type":"page","link":"https:\/\/www.barapilates.cz\/en\/reservation\/","title":{"rendered":"Reservation"},"content":{"rendered":"<section class=\"bde-section-34-100 bde-section\">\n  \n  \n\t\n\n\n\n<div class=\"section-container\"><div class=\"bde-shortcode-34-106 bde-shortcode\">\n<div class=\"reenio-iframe\" data-size=\"auto\"><\/div><script src=\"https:\/\/reenio.cz\/cs\/GE2DENZZ\/widget-iframe.js\" async defer><\/script>\n<\/div><\/div>\n<\/section><div class=\"bde-globalblock-34-107 bde-globalblock\">\n<section id=\"services\" class=\"bde-section-410-100-410-1 bde-section bde-section-410-100\">\n  \n  \n\t\n\n\n\n<div class=\"section-container\"><h2 class=\"bde-heading-410-101-410-1 bde-heading bde-heading-410-101\" data-entrance=\"flipUp\">\nWhat services do I offer?\n<\/h2><div class=\"bde-columns-410-102-410-1 bde-columns bde-columns-410-102\"><div class=\"bde-column-410-103-410-1 bde-column bde-column-410-103\" data-entrance=\"zoomIn\">\n  \n  \n\t\n\n\n\n<div class=\"bde-div-410-104-410-1 bde-div bde-div-410-104\">\n  \n  \n\t\n\n\n\n<div class=\"bde-div-410-105-410-1 bde-div bde-div-410-105\">\n  \n  \n\t\n\n\n\n<h3 class=\"bde-heading-410-106-410-1 bde-heading bde-heading-410-106\">\nYour time\n<\/h3>\n<\/div><div class=\"bde-text-410-107-410-1 bde-text bde-text-410-107\">\nPriv\u00e1tn\u00ed lekce\n<\/div><div class=\"bde-text-410-108-410-1 bde-text bde-text-410-108\">\nAn individual Pilates lesson is not just an exercise, but also a personal ritual that is tailored to you. As your trainer, I approach the exercise with psychological insight and give the utmost care and attention to your needs and goals. Each exercise is not only about physical strengthening, but also about a deeper connection with your inner self.<br><br>In my presence, you can expect not only quality movement, but also a boost to your overall well-being. This one-on-one Pilates class is more than just a physical workout. It is a space to discover your own strength, balance and inner peace.\n<\/div><div class=\"bde-text-410-127-410-1 bde-text bde-text-410-127\">\n1x priv\u00e1tn\u00ed lekce (55 minut) - 1350 K\u010d\n<\/div><div class=\"bde-text-410-128-410-1 bde-text bde-text-410-128\">\n10x priv\u00e1tn\u00ed lekce (55 minut) - 12 000 K\u010d\n<\/div>\n<\/div><div class=\"bde-columns-410-121-410-1 bde-columns bde-columns-410-121\"><div class=\"bde-column-410-122-410-1 bde-column bde-column-410-122\">\n  \n  \n\t\n\n\n\n<div class=\"bde-text-410-120-410-1 bde-text bde-text-410-120\">\n1350 K\u010c\n<\/div>\n<\/div><\/div><div class=\"bde-columns-410-113-410-1 bde-columns bde-columns-410-113\"><div class=\"bde-column-410-114-410-1 bde-column bde-column-410-114\">\n  \n  \n\t\n\n\n\n<div class=\"bde-button-410-118-410-1 bde-button bde-button-410-118\">\n    \n                                    \n    \n    \n    \n    \n            \n                    \n            \n            \n\n    \n    \n    \n    \n    \n    <a class=\"breakdance-link button-atom button-atom--custom bde-button__button\" href=\"https:\/\/barapilates.reenio.cz\/cs\/#\/account\/login\" target=\"_self\" data-type=\"url\"  >\n\n    \n        <span class=\"button-atom__text\">Rezervovat<\/span>\n\n        \n        \n                <\/a>\n\n    \n\n\n<\/div>\n<\/div><\/div>\n<\/div><\/div><\/div>\n<\/section>\n<\/div><div class=\"bde-globalblock-34-108 bde-globalblock\">\n<section id=\"contact\" class=\"bde-section-407-100-407-1 bde-section bde-section-407-100\">\n  \n  \n\t\n\n\n\n<div class=\"section-container\"><div class=\"bde-columns-407-101-407-1 bde-columns bde-columns-407-101\"><div class=\"bde-column-407-102-407-1 bde-column bde-column-407-102\">\n  \n  \n\t\n\n\n\n<h1 class=\"bde-heading-407-103-407-1 bde-heading bde-heading-407-103\">\nLet's get in touch\n<\/h1><div class=\"bde-icon-list-407-104-407-1 bde-icon-list bde-icon-list-407-104\">\n<ul>\n  \n              \n    <li>\n                      \n            \n            \n\n    \n    \n    \n    \n    \n    <a class=\"breakdance-link bde-icon-list__item-wrapper\" href=\"https:\/\/maps.app.goo.gl\/CrdghoEm5ucsGk8a9\" target=\"_self\" data-type=\"url\"  >\n\n      \n      <span class='bde-icon-list__icon'>\n        <svg xmlns=\"http:\/\/www.w3.org\/2000\/svg\" class=\"ionicon\" viewbox=\"0 0 512 512\"><path d=\"M313.27 124.64L198.73 51.36a32 32 0 00-29.28.35L56.51 127.49A16 16 0 0048 141.63v295.8a16 16 0 0023.49 14.14l97.82-63.79a32 32 0 0129.5-.24l111.86 73a32 32 0 0029.27-.11l115.43-75.94a16 16 0 008.63-14.2V74.57a16 16 0 00-23.49-14.14l-98 63.86a32 32 0 01-29.24.35zM328 128v336M184 48v336\" fill=\"none\" stroke=\"currentColor\" stroke-linecap=\"round\" stroke-linejoin=\"round\" stroke-width=\"32\"\/><\/svg>\n      <\/span>\n      <span class='bde-icon-list__text' >\n      Mo\u0161nova, Praha 5 - Smichov\n      <\/span>\n                  <\/a>\n\n      \n    <\/li>\n\n  \n              \n    <li>\n                      \n            \n            \n\n    \n    \n    \n    \n    \n    <a class=\"breakdance-link bde-icon-list__item-wrapper\" href=\"mailto:barapilates.lifestyle@gmail.com ?subject=&body=\" target=\"_self\" data-type=\"contact\"  >\n\n      \n      <span class='bde-icon-list__icon'>\n        <svg xmlns=\"http:\/\/www.w3.org\/2000\/svg\" class=\"ionicon\" viewbox=\"0 0 512 512\"><rect x=\"48\" y=\"96\" width=\"416\" height=\"320\" rx=\"40\" ry=\"40\" fill=\"none\" stroke=\"currentColor\" stroke-linecap=\"round\" stroke-linejoin=\"round\" stroke-width=\"32\"\/><path fill=\"none\" stroke=\"currentColor\" stroke-linecap=\"round\" stroke-linejoin=\"round\" stroke-width=\"32\" d=\"M112 160l144 112 144-112\"\/><\/svg>\n      <\/span>\n      <span class='bde-icon-list__text' >\n      barapilates.lifestyle@gmail.com \n      <\/span>\n                  <\/a>\n\n      \n    <\/li>\n\n  \n              \n    <li>\n                      \n            \n            \n\n    \n    \n    \n    \n    \n    <a class=\"breakdance-link bde-icon-list__item-wrapper\" href=\"tel:739109707\" target=\"_self\" data-type=\"contact\"  >\n\n      \n      <span class='bde-icon-list__icon'>\n        <svg xmlns=\"http:\/\/www.w3.org\/2000\/svg\" class=\"ionicon\" viewbox=\"0 0 512 512\"><path d=\"M451 374c-15.88-16-54.34-39.35-73-48.76-24.3-12.24-26.3-13.24-45.4.95-12.74 9.47-21.21 17.93-36.12 14.75s-47.31-21.11-75.68-49.39-47.34-61.62-50.53-76.48 5.41-23.23 14.79-36c13.22-18 12.22-21 .92-45.3-8.81-18.9-32.84-57-48.9-72.8C119.9 44 119.9 47 108.83 51.6A160.15 160.15 0 0083 65.37C67 76 58.12 84.83 51.91 98.1s-9 44.38 23.07 102.64 54.57 88.05 101.14 134.49S258.5 406.64 310.85 436c64.76 36.27 89.6 29.2 102.91 23s22.18-15 32.83-31a159.09 159.09 0 0013.8-25.8C465 391.17 468 391.17 451 374z\" fill=\"none\" stroke=\"currentColor\" stroke-miterlimit=\"10\" stroke-width=\"32\"\/><\/svg>\n      <\/span>\n      <span class='bde-icon-list__text' >\n      +420 739 109 707\n      <\/span>\n                  <\/a>\n\n      \n    <\/li>\n\n  \n              \n    <li>\n                      \n            \n            \n\n    \n    \n    \n    \n    \n    <a class=\"breakdance-link bde-icon-list__item-wrapper\" href=\"https:\/\/www.instagram.com\/b.arbora.b\/\" target=\"_blank\" data-type=\"url\"  >\n\n      \n      <span class='bde-icon-list__icon'>\n        <svg xmlns=\"http:\/\/www.w3.org\/2000\/svg\" id=\"icon-instagram\" viewbox=\"0 0 32 32\">\n<path d=\"M16 2.881c4.275 0 4.781 0.019 6.462 0.094 1.563 0.069 2.406 0.331 2.969 0.55 0.744 0.288 1.281 0.638 1.837 1.194 0.563 0.563 0.906 1.094 1.2 1.838 0.219 0.563 0.481 1.412 0.55 2.969 0.075 1.688 0.094 2.194 0.094 6.463s-0.019 4.781-0.094 6.463c-0.069 1.563-0.331 2.406-0.55 2.969-0.288 0.744-0.637 1.281-1.194 1.837-0.563 0.563-1.094 0.906-1.837 1.2-0.563 0.219-1.413 0.481-2.969 0.55-1.688 0.075-2.194 0.094-6.463 0.094s-4.781-0.019-6.463-0.094c-1.563-0.069-2.406-0.331-2.969-0.55-0.744-0.288-1.281-0.637-1.838-1.194-0.563-0.563-0.906-1.094-1.2-1.837-0.219-0.563-0.481-1.413-0.55-2.969-0.075-1.688-0.094-2.194-0.094-6.463s0.019-4.781 0.094-6.463c0.069-1.563 0.331-2.406 0.55-2.969 0.288-0.744 0.638-1.281 1.194-1.838 0.563-0.563 1.094-0.906 1.838-1.2 0.563-0.219 1.412-0.481 2.969-0.55 1.681-0.075 2.188-0.094 6.463-0.094zM16 0c-4.344 0-4.887 0.019-6.594 0.094-1.7 0.075-2.869 0.35-3.881 0.744-1.056 0.412-1.95 0.956-2.837 1.85-0.894 0.888-1.438 1.781-1.85 2.831-0.394 1.019-0.669 2.181-0.744 3.881-0.075 1.713-0.094 2.256-0.094 6.6s0.019 4.887 0.094 6.594c0.075 1.7 0.35 2.869 0.744 3.881 0.413 1.056 0.956 1.95 1.85 2.837 0.887 0.887 1.781 1.438 2.831 1.844 1.019 0.394 2.181 0.669 3.881 0.744 1.706 0.075 2.25 0.094 6.594 0.094s4.888-0.019 6.594-0.094c1.7-0.075 2.869-0.35 3.881-0.744 1.050-0.406 1.944-0.956 2.831-1.844s1.438-1.781 1.844-2.831c0.394-1.019 0.669-2.181 0.744-3.881 0.075-1.706 0.094-2.25 0.094-6.594s-0.019-4.887-0.094-6.594c-0.075-1.7-0.35-2.869-0.744-3.881-0.394-1.063-0.938-1.956-1.831-2.844-0.887-0.887-1.781-1.438-2.831-1.844-1.019-0.394-2.181-0.669-3.881-0.744-1.712-0.081-2.256-0.1-6.6-0.1v0z\"\/>\n<path d=\"M16 7.781c-4.537 0-8.219 3.681-8.219 8.219s3.681 8.219 8.219 8.219 8.219-3.681 8.219-8.219c0-4.537-3.681-8.219-8.219-8.219zM16 21.331c-2.944 0-5.331-2.387-5.331-5.331s2.387-5.331 5.331-5.331c2.944 0 5.331 2.387 5.331 5.331s-2.387 5.331-5.331 5.331z\"\/>\n<path d=\"M26.462 7.456c0 1.060-0.859 1.919-1.919 1.919s-1.919-0.859-1.919-1.919c0-1.060 0.859-1.919 1.919-1.919s1.919 0.859 1.919 1.919z\"\/>\n<\/svg>\n      <\/span>\n      <span class='bde-icon-list__text' >\n      b.arbora.b\n      <\/span>\n                  <\/a>\n\n      \n    <\/li>\n\n  <\/ul>\n\n<\/div>\n<\/div><div class=\"bde-column-407-105-407-1 bde-column bde-column-407-105\">\n  \n  \n\t\n\n\n\n<div class=\"bde-form-builder-407-106-407-1 bde-form-builder bde-form-builder-407-106\">\n\n\n<form id=\"kontakt106\" class=\"breakdance-form breakdance-form--vertical\" data-options=\"{&quot;slug&quot;:&quot;custom&quot;,&quot;name&quot;:&quot;kontakt&quot;,&quot;ajaxUrl&quot;:&quot;https:\\\/\\\/www.barapilates.cz\\\/wp-admin\\\/admin-ajax.php&quot;,&quot;clearOnSuccess&quot;:true,&quot;hideOnSuccess&quot;:false,&quot;successMessage&quot;:&quot;Your message has been received!&quot;,&quot;errorMessage&quot;:&quot;Something went wrong&quot;,&quot;redirect&quot;:false,&quot;redirectUrl&quot;:&quot;&quot;,&quot;customJavaScript&quot;:&quot;&quot;,&quot;recaptcha&quot;:{&quot;key&quot;:&quot;&quot;,&quot;enabled&quot;:false},&quot;honeypot_enabled&quot;:false,&quot;popupsOnSuccess&quot;:[],&quot;popupsOnError&quot;:[]}\" data-steps=\"0\" action=\"\" >\n  \n  \n  \n<div class=\"breakdance-form-field breakdance-form-field--text\" >\n    \n    \n            <label class=\"breakdance-form-field__label\" for=\"name\">\n            Name<span class=\"breakdance-form-field__required\">*<\/span>\n        <\/label>\n    \n    <input\n    class=\"breakdance-form-field__input\"\n    id=\"name\"\n    aria-describedby=\"name\"\n    type=\"text\"\n    name=\"fields[name]\"\n    placeholder=\"Jana Nov\u00e1kov\u00e1\"\n    value=\"\"\n                \n        \n        \n    required\n>\n\n\n    \n    \n<\/div>\n\n\n<div class=\"breakdance-form-field breakdance-form-field--email\" >\n    \n    \n            <label class=\"breakdance-form-field__label\" for=\"email\">\n            E-mail<span class=\"breakdance-form-field__required\">*<\/span>\n        <\/label>\n    \n    <input\n    class=\"breakdance-form-field__input\"\n    id=\"email\"\n    aria-describedby=\"email\"\n    type=\"email\"\n    name=\"fields[email]\"\n    placeholder=\"jana-novakova@email.cz\"\n    value=\"\"\n                \n        \n        \n    required\n>\n\n\n    \n    \n<\/div>\n\n\n<div class=\"breakdance-form-field breakdance-form-field--textarea\" >\n    \n    \n            <label class=\"breakdance-form-field__label\" for=\"message\">\n            Message<span class=\"breakdance-form-field__required\">*<\/span>\n        <\/label>\n    \n    <textarea\n    class=\"breakdance-form-field__input\"\n    id=\"message\"\n    aria-describedby=\"message\"\n    type=\"textarea\"\n    name=\"fields[message]\"\n        placeholder=\"Do you have a question or just need some advice?\"\n    required\n>\n<\/textarea>\n\n\n    \n    \n<\/div>\n\n\n  \n\n<div class=\"breakdance-form-field breakdance-form-footer\">\n    \n    \n                                    \n    \n    \n    \n    \n            \n            <button type=\"submit\" class=\"button-atom button-atom--primary breakdance-form-button breakdance-form-button__submit\"  >\n    \n        <span class=\"button-atom__text\">Send message<\/span>\n\n        \n        \n            <\/button>\n    \n    <input type=\"hidden\" name=\"form_id\" value=\"106\">\n    <input type=\"hidden\" name=\"post_id\" value=\"407\">\n<\/div>\n\n  \n<input type=\"hidden\" name=\"trp-form-language\" value=\"en\"\/><\/form>\n\n\n\n<\/div>\n<\/div><\/div><\/div>\n<\/section>\n<\/div>","protected":false},"excerpt":{"rendered":"<p>Jak\u00e9 slu\u017eby nab\u00edz\u00edm? Tv\u016fj \u010das Priv\u00e1tn\u00ed lekce Individu\u00e1ln\u00ed lekce pilates nen\u00ed jen cvi\u010den\u00edm, ale tak\u00e9 osobn\u00edm ritu\u00e1lem, kter\u00fd je \u0161it\u00fd na m\u00edru pouze v\u00e1m. Jako v\u00e1\u0161 tren\u00e9r p\u0159istupuji ke cvi\u010den\u00ed s psychologick\u00fdm nadhledem a v\u011bnuji maxim\u00e1ln\u00ed p\u00e9\u010di a pozornost va\u0161im pot\u0159eb\u00e1m a c\u00edl\u016fm. Ka\u017ed\u00e9 cvi\u010den\u00ed nen\u00ed jen o fyzick\u00e9m pos\u00edlen\u00ed, ale tak\u00e9 o hlub\u0161\u00edm spojen\u00ed [&hellip;]<\/p>","protected":false},"author":1,"featured_media":0,"parent":0,"menu_order":0,"comment_status":"closed","ping_status":"closed","template":"","meta":{"_breakdance_hide_in_design_set":false,"_breakdance_tags":"","footnotes":""},"class_list":["post-34","page","type-page","status-publish","hentry"],"_links":{"self":[{"href":"https:\/\/www.barapilates.cz\/en\/wp-json\/wp\/v2\/pages\/34","targetHints":{"allow":["GET"]}}],"collection":[{"href":"https:\/\/www.barapilates.cz\/en\/wp-json\/wp\/v2\/pages"}],"about":[{"href":"https:\/\/www.barapilates.cz\/en\/wp-json\/wp\/v2\/types\/page"}],"author":[{"embeddable":true,"href":"https:\/\/www.barapilates.cz\/en\/wp-json\/wp\/v2\/users\/1"}],"replies":[{"embeddable":true,"href":"https:\/\/www.barapilates.cz\/en\/wp-json\/wp\/v2\/comments?post=34"}],"version-history":[{"count":5,"href":"https:\/\/www.barapilates.cz\/en\/wp-json\/wp\/v2\/pages\/34\/revisions"}],"predecessor-version":[{"id":490,"href":"https:\/\/www.barapilates.cz\/en\/wp-json\/wp\/v2\/pages\/34\/revisions\/490"}],"wp:attachment":[{"href":"https:\/\/www.barapilates.cz\/en\/wp-json\/wp\/v2\/media?parent=34"}],"curies":[{"name":"wp","href":"https:\/\/api.w.org\/{rel}","templated":true}]}}