{"id":87,"date":"2023-12-11T18:01:09","date_gmt":"2023-12-11T16:01:09","guid":{"rendered":"http:\/\/barapilates.dvorakdev.eu\/?page_id=87"},"modified":"2023-12-20T15:36:18","modified_gmt":"2023-12-20T13:36:18","slug":"blog","status":"publish","type":"page","link":"https:\/\/www.barapilates.cz\/en\/blog\/","title":{"rendered":"Blog"},"content":{"rendered":"<section class=\"bde-section-87-100 bde-section\">\n  \n  \n\t\n\n\n\n<div class=\"section-container\"><h2 class=\"bde-heading-87-102 bde-heading\">\nMoje nejnov\u011bj\u0161\u00ed p\u0159\u00edsp\u011bvky\n<\/h2><div class=\"bde-post-loop-87-103 bde-post-loop\">\n<div class=\"bde-loop bde-loop-grid ee-posts ee-posts-grid\">    <article class=\"bde-loop-item ee-post\">\n    <a class=\"bde-container-link-145-110-161-145-1 bde-container-link bde-container-link-145-110 breakdance-link\" href=\"https:\/\/www.barapilates.cz\/en\/nazev-prispevku-5\/\" target=\"_self\" data-type=\"url\">\n  \n  \n\t\n\n\n\n<div class=\"bde-image-145-102-161-145-1 bde-image bde-image-145-102\">\n<figure class=\"breakdance-image breakdance-image--\">\n\t<div class=\"breakdance-image-container\">\n\t\t<div class=\"breakdance-image-clip\"><img loading=\"lazy\" decoding=\"async\" class=\"breakdance-image-object\" src=\"data:image\/svg+xml;charset=UTF-8,%3csvg xmlns='http:\/\/www.w3.org\/2000\/svg' width='540' height='540' viewBox='0 0 140 140'%3e%3cpath d='M0 0h140v140H0z' fill='%23e5e7eb'\/%3e%3cpath d='M88 82.46H51.8v-4.52l6.74-6.74a1.13 1.13 0 011.6 0l5.23 5.23 12.76-12.77a1.13 1.13 0 011.6 0L88 71.91z' fill='%23e5e7eb'\/%3e%3cpath d='M89.48 52.32H50.29a4.52 4.52 0 00-4.52 4.52V84a4.53 4.53 0 004.52 4.52h39.19A4.52 4.52 0 0094 84V56.84a4.52 4.52 0 00-4.52-4.52zm-33.16 5.27a5.28 5.28 0 11-5.27 5.28 5.27 5.27 0 015.27-5.28zM88 82.46H51.8v-4.52l6.74-6.74a1.13 1.13 0 011.6 0l5.23 5.23 12.76-12.77a1.13 1.13 0 011.6 0L88 71.91z' fill='%23d1d5db'\/%3e%3c\/svg%3e\" width=\"540\" height=\"540\"><\/div>\n\t<\/div><\/figure>\n\n<\/div><div class=\"bde-div-145-103-161-145-1 bde-div bde-div-145-103\">\n  \n  \n\t\n\n\n\n<h4 class=\"bde-heading-145-104-161-145-1 bde-heading bde-heading-145-104\">\nN\u00e1zev p\u0159\u00edsp\u011bvku 5\n<\/h4><div class=\"bde-div-145-106-161-145-1 bde-div bde-div-145-106\">\n  \n  \n\t\n\n\n\n<div class=\"bde-text-145-107-161-145-1 bde-text bde-text-145-107\">\n16. 12. 2023\n<\/div><div class=\"bde-text-145-109-161-145-1 bde-text bde-text-145-109\">\n\u2013\n<\/div><div class=\"bde-text-145-114-161-145-1 bde-text bde-text-145-114\">\nThis is a basic text element.\n<\/div>\n<\/div><div class=\"bde-button-145-113-161-145-1 bde-button bde-button-145-113\">\n    \n                                    \n    \n    \n    \n    \n            \n            <button type=\"button\" class=\"button-atom button-atom--text bde-button__button\"  >\n    \n        <span class=\"button-atom__text\">Zobrazit v\u00edce<\/span>\n\n        \n                    \n    <span class=\"button-atom__icon-wrapper\">\n\n        \n            <svg class=\"un-arrow-icon\" width=\"10\" height=\"10\" viewbox=\"0 0 10 10\" aria-hidden=\"true\">\n                <g fill-rule=\"evenodd\">\n                    <path class=\"un-arrow-icon_arrow\" d=\"M1 1l4 4-4 4\"><\/path>\n                <\/g>\n            <\/svg>\n\n        \n    <\/span>\n\n\n        \n            <\/button>\n    \n\n\n<\/div>\n<\/div>\n\n<\/a>    <\/article>\n        <article class=\"bde-loop-item ee-post\">\n    <a class=\"bde-container-link-145-110-157-145-1 bde-container-link bde-container-link-145-110 breakdance-link\" href=\"https:\/\/www.barapilates.cz\/en\/nazev-prispevku-3-2\/\" target=\"_self\" data-type=\"url\">\n  \n  \n\t\n\n\n\n<div class=\"bde-image-145-102-157-145-1 bde-image bde-image-145-102\">\n<figure class=\"breakdance-image breakdance-image--\">\n\t<div class=\"breakdance-image-container\">\n\t\t<div class=\"breakdance-image-clip\"><img loading=\"lazy\" decoding=\"async\" class=\"breakdance-image-object\" src=\"data:image\/svg+xml;charset=UTF-8,%3csvg xmlns='http:\/\/www.w3.org\/2000\/svg' width='540' height='540' viewBox='0 0 140 140'%3e%3cpath d='M0 0h140v140H0z' fill='%23e5e7eb'\/%3e%3cpath d='M88 82.46H51.8v-4.52l6.74-6.74a1.13 1.13 0 011.6 0l5.23 5.23 12.76-12.77a1.13 1.13 0 011.6 0L88 71.91z' fill='%23e5e7eb'\/%3e%3cpath d='M89.48 52.32H50.29a4.52 4.52 0 00-4.52 4.52V84a4.53 4.53 0 004.52 4.52h39.19A4.52 4.52 0 0094 84V56.84a4.52 4.52 0 00-4.52-4.52zm-33.16 5.27a5.28 5.28 0 11-5.27 5.28 5.27 5.27 0 015.27-5.28zM88 82.46H51.8v-4.52l6.74-6.74a1.13 1.13 0 011.6 0l5.23 5.23 12.76-12.77a1.13 1.13 0 011.6 0L88 71.91z' fill='%23d1d5db'\/%3e%3c\/svg%3e\" width=\"540\" height=\"540\"><\/div>\n\t<\/div><\/figure>\n\n<\/div><div class=\"bde-div-145-103-157-145-1 bde-div bde-div-145-103\">\n  \n  \n\t\n\n\n\n<h4 class=\"bde-heading-145-104-157-145-1 bde-heading bde-heading-145-104\">\nN\u00e1zev p\u0159\u00edsp\u011bvku 4\n<\/h4><div class=\"bde-div-145-106-157-145-1 bde-div bde-div-145-106\">\n  \n  \n\t\n\n\n\n<div class=\"bde-text-145-107-157-145-1 bde-text bde-text-145-107\">\n16. 12. 2023\n<\/div><div class=\"bde-text-145-109-157-145-1 bde-text bde-text-145-109\">\n\u2013\n<\/div><div class=\"bde-text-145-114-157-145-1 bde-text bde-text-145-114\">\nThis is a basic text element.\n<\/div>\n<\/div><div class=\"bde-button-145-113-157-145-1 bde-button bde-button-145-113\">\n    \n                                    \n    \n    \n    \n    \n            \n            <button type=\"button\" class=\"button-atom button-atom--text bde-button__button\"  >\n    \n        <span class=\"button-atom__text\">Zobrazit v\u00edce<\/span>\n\n        \n                    \n    <span class=\"button-atom__icon-wrapper\">\n\n        \n            <svg class=\"un-arrow-icon\" width=\"10\" height=\"10\" viewbox=\"0 0 10 10\" aria-hidden=\"true\">\n                <g fill-rule=\"evenodd\">\n                    <path class=\"un-arrow-icon_arrow\" d=\"M1 1l4 4-4 4\"><\/path>\n                <\/g>\n            <\/svg>\n\n        \n    <\/span>\n\n\n        \n            <\/button>\n    \n\n\n<\/div>\n<\/div>\n\n<\/a>    <\/article>\n        <article class=\"bde-loop-item ee-post\">\n    <a class=\"bde-container-link-145-110-141-145-1 bde-container-link bde-container-link-145-110 breakdance-link\" href=\"https:\/\/www.barapilates.cz\/en\/nazev-prispevku-3\/\" target=\"_self\" data-type=\"url\">\n  \n  \n\t\n\n\n\n<div class=\"bde-image-145-102-141-145-1 bde-image bde-image-145-102\">\n<figure class=\"breakdance-image breakdance-image--\">\n\t<div class=\"breakdance-image-container\">\n\t\t<div class=\"breakdance-image-clip\"><img loading=\"lazy\" decoding=\"async\" class=\"breakdance-image-object\" src=\"data:image\/svg+xml;charset=UTF-8,%3csvg xmlns='http:\/\/www.w3.org\/2000\/svg' width='540' height='540' viewBox='0 0 140 140'%3e%3cpath d='M0 0h140v140H0z' fill='%23e5e7eb'\/%3e%3cpath d='M88 82.46H51.8v-4.52l6.74-6.74a1.13 1.13 0 011.6 0l5.23 5.23 12.76-12.77a1.13 1.13 0 011.6 0L88 71.91z' fill='%23e5e7eb'\/%3e%3cpath d='M89.48 52.32H50.29a4.52 4.52 0 00-4.52 4.52V84a4.53 4.53 0 004.52 4.52h39.19A4.52 4.52 0 0094 84V56.84a4.52 4.52 0 00-4.52-4.52zm-33.16 5.27a5.28 5.28 0 11-5.27 5.28 5.27 5.27 0 015.27-5.28zM88 82.46H51.8v-4.52l6.74-6.74a1.13 1.13 0 011.6 0l5.23 5.23 12.76-12.77a1.13 1.13 0 011.6 0L88 71.91z' fill='%23d1d5db'\/%3e%3c\/svg%3e\" width=\"540\" height=\"540\"><\/div>\n\t<\/div><\/figure>\n\n<\/div><div class=\"bde-div-145-103-141-145-1 bde-div bde-div-145-103\">\n  \n  \n\t\n\n\n\n<h4 class=\"bde-heading-145-104-141-145-1 bde-heading bde-heading-145-104\">\nN\u00e1zev p\u0159\u00edsp\u011bvku 3\n<\/h4><div class=\"bde-div-145-106-141-145-1 bde-div bde-div-145-106\">\n  \n  \n\t\n\n\n\n<div class=\"bde-text-145-107-141-145-1 bde-text bde-text-145-107\">\n16. 12. 2023\n<\/div><div class=\"bde-text-145-109-141-145-1 bde-text bde-text-145-109\">\n\u2013\n<\/div><div class=\"bde-text-145-114-141-145-1 bde-text bde-text-145-114\">\nThis is a basic text element.\n<\/div>\n<\/div><div class=\"bde-button-145-113-141-145-1 bde-button bde-button-145-113\">\n    \n                                    \n    \n    \n    \n    \n            \n            <button type=\"button\" class=\"button-atom button-atom--text bde-button__button\"  >\n    \n        <span class=\"button-atom__text\">Zobrazit v\u00edce<\/span>\n\n        \n                    \n    <span class=\"button-atom__icon-wrapper\">\n\n        \n            <svg class=\"un-arrow-icon\" width=\"10\" height=\"10\" viewbox=\"0 0 10 10\" aria-hidden=\"true\">\n                <g fill-rule=\"evenodd\">\n                    <path class=\"un-arrow-icon_arrow\" d=\"M1 1l4 4-4 4\"><\/path>\n                <\/g>\n            <\/svg>\n\n        \n    <\/span>\n\n\n        \n            <\/button>\n    \n\n\n<\/div>\n<\/div>\n\n<\/a>    <\/article>\n        <article class=\"bde-loop-item ee-post\">\n    <a class=\"bde-container-link-145-110-139-145-1 bde-container-link bde-container-link-145-110 breakdance-link\" href=\"https:\/\/www.barapilates.cz\/en\/nazev-prispevku-2\/\" target=\"_self\" data-type=\"url\">\n  \n  \n\t\n\n\n\n<div class=\"bde-image-145-102-139-145-1 bde-image bde-image-145-102\">\n<figure class=\"breakdance-image breakdance-image--\">\n\t<div class=\"breakdance-image-container\">\n\t\t<div class=\"breakdance-image-clip\"><img loading=\"lazy\" decoding=\"async\" class=\"breakdance-image-object\" src=\"data:image\/svg+xml;charset=UTF-8,%3csvg xmlns='http:\/\/www.w3.org\/2000\/svg' width='540' height='540' viewBox='0 0 140 140'%3e%3cpath d='M0 0h140v140H0z' fill='%23e5e7eb'\/%3e%3cpath d='M88 82.46H51.8v-4.52l6.74-6.74a1.13 1.13 0 011.6 0l5.23 5.23 12.76-12.77a1.13 1.13 0 011.6 0L88 71.91z' fill='%23e5e7eb'\/%3e%3cpath d='M89.48 52.32H50.29a4.52 4.52 0 00-4.52 4.52V84a4.53 4.53 0 004.52 4.52h39.19A4.52 4.52 0 0094 84V56.84a4.52 4.52 0 00-4.52-4.52zm-33.16 5.27a5.28 5.28 0 11-5.27 5.28 5.27 5.27 0 015.27-5.28zM88 82.46H51.8v-4.52l6.74-6.74a1.13 1.13 0 011.6 0l5.23 5.23 12.76-12.77a1.13 1.13 0 011.6 0L88 71.91z' fill='%23d1d5db'\/%3e%3c\/svg%3e\" width=\"540\" height=\"540\"><\/div>\n\t<\/div><\/figure>\n\n<\/div><div class=\"bde-div-145-103-139-145-1 bde-div bde-div-145-103\">\n  \n  \n\t\n\n\n\n<h4 class=\"bde-heading-145-104-139-145-1 bde-heading bde-heading-145-104\">\nN\u00e1zev p\u0159\u00edsp\u011bvku 2\n<\/h4><div class=\"bde-div-145-106-139-145-1 bde-div bde-div-145-106\">\n  \n  \n\t\n\n\n\n<div class=\"bde-text-145-107-139-145-1 bde-text bde-text-145-107\">\n16. 12. 2023\n<\/div><div class=\"bde-text-145-109-139-145-1 bde-text bde-text-145-109\">\n\u2013\n<\/div><div class=\"bde-text-145-114-139-145-1 bde-text bde-text-145-114\">\nThis is a basic text element.\n<\/div>\n<\/div><div class=\"bde-button-145-113-139-145-1 bde-button bde-button-145-113\">\n    \n                                    \n    \n    \n    \n    \n            \n            <button type=\"button\" class=\"button-atom button-atom--text bde-button__button\"  >\n    \n        <span class=\"button-atom__text\">Zobrazit v\u00edce<\/span>\n\n        \n                    \n    <span class=\"button-atom__icon-wrapper\">\n\n        \n            <svg class=\"un-arrow-icon\" width=\"10\" height=\"10\" viewbox=\"0 0 10 10\" aria-hidden=\"true\">\n                <g fill-rule=\"evenodd\">\n                    <path class=\"un-arrow-icon_arrow\" d=\"M1 1l4 4-4 4\"><\/path>\n                <\/g>\n            <\/svg>\n\n        \n    <\/span>\n\n\n        \n            <\/button>\n    \n\n\n<\/div>\n<\/div>\n\n<\/a>    <\/article>\n        <article class=\"bde-loop-item ee-post\">\n    <a class=\"bde-container-link-145-110-137-145-1 bde-container-link bde-container-link-145-110 breakdance-link\" href=\"https:\/\/www.barapilates.cz\/en\/nazev-prispevku-1\/\" target=\"_self\" data-type=\"url\">\n  \n  \n\t\n\n\n\n<div class=\"bde-image-145-102-137-145-1 bde-image bde-image-145-102\">\n<figure class=\"breakdance-image breakdance-image--\">\n\t<div class=\"breakdance-image-container\">\n\t\t<div class=\"breakdance-image-clip\"><img loading=\"lazy\" decoding=\"async\" class=\"breakdance-image-object\" src=\"data:image\/svg+xml;charset=UTF-8,%3csvg xmlns='http:\/\/www.w3.org\/2000\/svg' width='540' height='540' viewBox='0 0 140 140'%3e%3cpath d='M0 0h140v140H0z' fill='%23e5e7eb'\/%3e%3cpath d='M88 82.46H51.8v-4.52l6.74-6.74a1.13 1.13 0 011.6 0l5.23 5.23 12.76-12.77a1.13 1.13 0 011.6 0L88 71.91z' fill='%23e5e7eb'\/%3e%3cpath d='M89.48 52.32H50.29a4.52 4.52 0 00-4.52 4.52V84a4.53 4.53 0 004.52 4.52h39.19A4.52 4.52 0 0094 84V56.84a4.52 4.52 0 00-4.52-4.52zm-33.16 5.27a5.28 5.28 0 11-5.27 5.28 5.27 5.27 0 015.27-5.28zM88 82.46H51.8v-4.52l6.74-6.74a1.13 1.13 0 011.6 0l5.23 5.23 12.76-12.77a1.13 1.13 0 011.6 0L88 71.91z' fill='%23d1d5db'\/%3e%3c\/svg%3e\" width=\"540\" height=\"540\"><\/div>\n\t<\/div><\/figure>\n\n<\/div><div class=\"bde-div-145-103-137-145-1 bde-div bde-div-145-103\">\n  \n  \n\t\n\n\n\n<h4 class=\"bde-heading-145-104-137-145-1 bde-heading bde-heading-145-104\">\nN\u00e1zev p\u0159\u00edsp\u011bvku 1\n<\/h4><div class=\"bde-div-145-106-137-145-1 bde-div bde-div-145-106\">\n  \n  \n\t\n\n\n\n<div class=\"bde-text-145-107-137-145-1 bde-text bde-text-145-107\">\n16. 12. 2023\n<\/div><div class=\"bde-text-145-109-137-145-1 bde-text bde-text-145-109\">\n\u2013\n<\/div><div class=\"bde-text-145-114-137-145-1 bde-text bde-text-145-114\">\nThis is a basic text element.\n<\/div>\n<\/div><div class=\"bde-button-145-113-137-145-1 bde-button bde-button-145-113\">\n    \n                                    \n    \n    \n    \n    \n            \n            <button type=\"button\" class=\"button-atom button-atom--text bde-button__button\"  >\n    \n        <span class=\"button-atom__text\">Zobrazit v\u00edce<\/span>\n\n        \n                    \n    <span class=\"button-atom__icon-wrapper\">\n\n        \n            <svg class=\"un-arrow-icon\" width=\"10\" height=\"10\" viewbox=\"0 0 10 10\" aria-hidden=\"true\">\n                <g fill-rule=\"evenodd\">\n                    <path class=\"un-arrow-icon_arrow\" d=\"M1 1l4 4-4 4\"><\/path>\n                <\/g>\n            <\/svg>\n\n        \n    <\/span>\n\n\n        \n            <\/button>\n    \n\n\n<\/div>\n<\/div>\n\n<\/a>    <\/article>\n    <\/div>\n\n<\/div><\/div>\n<\/section>","protected":false},"excerpt":{"rendered":"<p>Moje nejnov\u011bj\u0161\u00ed p\u0159\u00edsp\u011bvky N\u00e1zev p\u0159\u00edsp\u011bvku 5 16. 12. 2023 \u2013 This is a basic text element. Zobrazit v\u00edce N\u00e1zev p\u0159\u00edsp\u011bvku 4 16. 12. 2023 \u2013 This is a basic text element. Zobrazit v\u00edce N\u00e1zev p\u0159\u00edsp\u011bvku 3 16. 12. 2023 \u2013 This is a basic text element. Zobrazit v\u00edce N\u00e1zev p\u0159\u00edsp\u011bvku 2 16. 12. 2023 \u2013 [&hellip;]<\/p>","protected":false},"author":1,"featured_media":0,"parent":0,"menu_order":0,"comment_status":"closed","ping_status":"closed","template":"","meta":{"_breakdance_hide_in_design_set":false,"_breakdance_tags":"","footnotes":""},"class_list":["post-87","page","type-page","status-publish","hentry"],"_links":{"self":[{"href":"https:\/\/www.barapilates.cz\/en\/wp-json\/wp\/v2\/pages\/87","targetHints":{"allow":["GET"]}}],"collection":[{"href":"https:\/\/www.barapilates.cz\/en\/wp-json\/wp\/v2\/pages"}],"about":[{"href":"https:\/\/www.barapilates.cz\/en\/wp-json\/wp\/v2\/types\/page"}],"author":[{"embeddable":true,"href":"https:\/\/www.barapilates.cz\/en\/wp-json\/wp\/v2\/users\/1"}],"replies":[{"embeddable":true,"href":"https:\/\/www.barapilates.cz\/en\/wp-json\/wp\/v2\/comments?post=87"}],"version-history":[{"count":4,"href":"https:\/\/www.barapilates.cz\/en\/wp-json\/wp\/v2\/pages\/87\/revisions"}],"predecessor-version":[{"id":332,"href":"https:\/\/www.barapilates.cz\/en\/wp-json\/wp\/v2\/pages\/87\/revisions\/332"}],"wp:attachment":[{"href":"https:\/\/www.barapilates.cz\/en\/wp-json\/wp\/v2\/media?parent=87"}],"curies":[{"name":"wp","href":"https:\/\/api.w.org\/{rel}","templated":true}]}}